{"id":4491,"date":"2009-09-08T16:33:06","date_gmt":"2009-09-08T16:33:06","guid":{"rendered":"https:\/\/wilkiewicz.com\/?page_id=4491"},"modified":"2025-05-21T13:39:47","modified_gmt":"2025-05-21T13:39:47","slug":"about","status":"publish","type":"page","link":"https:\/\/wilkiewicz.com\/?page_id=4491","title":{"rendered":"About me"},"content":{"rendered":"<div class=\"fl-builder-content fl-builder-content-4491\" data-post-id=\"4491\"><div class=\"fl-row fl-row-fixed-width fl-row-bg-none fl-node-5e34bf6d71a0b\" data-node=\"5e34bf6d71a0b\">\n\t<div class=\"fl-row-content-wrap\">\n\t\t\t\t\t\t<div class=\"fl-row-content fl-row-fixed-width fl-node-content\">\n\t\t\n<div class=\"fl-col-group fl-node-5e34bf6d71ee1\" data-node=\"5e34bf6d71ee1\">\n\t\t\t<div class=\"fl-col fl-node-5e34bf6d71fb7\" data-node=\"5e34bf6d71fb7\">\n\t<div class=\"fl-col-content fl-node-content\">\n\t<div class=\"fl-module fl-module-rich-text fl-node-5e34bf6d73846\" data-node=\"5e34bf6d73846\">\n\t<div class=\"fl-module-content fl-node-content\">\n\t\t<div class=\"fl-rich-text\">\n\t<p><b>I work in video industry<\/b><strong>\u00a0since 2008 <\/strong>when I\u00a0<b><span style=\"font-weight: 400;\">graduated Sound and Vision Engineering at Gda\u0144sk University of Technology.\u00a0<\/span><\/b><\/p>\n<p><b>During my work experience I was honoured with some awards:<br \/>\n<\/b><span style=\"font-weight: 400;\">Kreatury award for <\/span><span style=\"font-weight: 400;\">Nickelodeon TV spot (cooperation on concept creation, DOP, color correction)<br \/>\n<\/span><span style=\"font-weight: 400;\">\"The Question\" short film\u00a0 screened at 2010 Cannes Film Festival (co-directing, DOP, editing)<br \/>\n<\/span><span style=\"font-weight: 400;\">\"un[DIGI]world\" film screened \u00a0<\/span><span style=\"font-weight: 400;\">at 2012 Camerimage Film Festival (co-directing, DOP, editing)<\/span><\/p>\n<p><strong>Here's my short work summary:<\/strong><b><\/b><\/p>\n<p><strong>Video Producer, Director, DOP\u00a0\u00a0<\/strong><br \/>\nCooperation with TV networks, production houses as well as with internal marketing, digital or PR departments of such brands as Boeing, Viacom, Red Bull or Play<br \/>\nDirecting, camera &amp; editing work shown at HBO, TLC, Discovery Channel,\u00a0Comedy Central etc., as well as presented at Cannes, Camerimage or L.A. film festivals<br \/>\nFilm workshops for schools and companies<\/p>\n<p>More than 50 Events &amp; promo videos (Director\/DOP\/camera operator)<br \/>\nBrands like BBC, Red Bull, HTC, EY, Play, Orlen and many others<\/p>\n<p><strong>DOP for TV &amp; internet commercials<\/strong><br \/>\nFrom visual concept to shooting and color grading. Brands like Nickelodeon,\u00a0Ferrero, Diverse and more<\/p>\n<p><strong>Documentaries (2010-2025)<\/strong><\/p>\n<p>Creating movies and trailers shown at Cannes and Camerimage film festivals, some sold for TV broadcasting. \u00a0\" \u201eChopin. I Am Not Afraid of Darkness\", \"The Question\", \"SM\", \"Un[DIGI]world\" and more<\/p>\n<p><strong>Documentaries (Director\/DOP\/camera operator)<\/strong><\/p>\n<ul>\n<li style=\"list-style-type: none;\">\n<ul>\n<li>Zwi\u0119z\u0142a Kronika czasu (dir. A. Wajda)<\/li>\n<\/ul>\n<\/li>\n<\/ul>\n<ul>\n<li style=\"list-style-type: none;\">\n<ul>\n<li>Pytanie (Screened at Cannes Film Festival)<\/li>\n<\/ul>\n<\/li>\n<\/ul>\n<ul>\n<li style=\"list-style-type: none;\">\n<ul>\n<li>un[DIGI]world (Screened at Camerimage Festival)<\/li>\n<\/ul>\n<\/li>\n<\/ul>\n<ul>\n<li style=\"list-style-type: none;\">\n<ul>\n<li>Niepowstrzymani (Produced for HBO)<\/li>\n<\/ul>\n<\/li>\n<\/ul>\n<ul>\n<li style=\"list-style-type: none;\">\n<ul>\n<li>Out of Frame: Maja Kuczy\u0144ska (Produced for Red Bull Media House)<\/li>\n<\/ul>\n<\/li>\n<\/ul>\n<ul>\n<li style=\"list-style-type: none;\">\n<ul>\n<li>Cheerleaderki<\/li>\n<\/ul>\n<\/li>\n<\/ul>\n<ul>\n<li style=\"list-style-type: none;\">\n<ul>\n<li>SM<\/li>\n<\/ul>\n<\/li>\n<\/ul>\n<ul>\n<li style=\"list-style-type: none;\">\n<ul>\n<li>Solidarno\u015b\u0107 wed\u0142ug kobiet\u00a0and more<\/li>\n<\/ul>\n<\/li>\n<\/ul>\n<p><b>TV series (DOP\/camera operator)<\/b><\/p>\n<ul>\n<li style=\"list-style-type: none;\">\n<ul>\n<li>World's Deadliest Wrecks for National Geographic UK (2020)<\/li>\n<li>Nic do Zg\u0142oszenia for Discovery Channel (2020)<\/li>\n<li>Nietypowe transporty for Discovery Channel (2018)<\/li>\n<li>Pozytywka for Super Polsat (2018)<\/li>\n<li>MTV Bites for MTV Music (2017-2018)<\/li>\n<li>Zmiana Pe\u0142n\u0105 Par\u0105 for TLC (2017),<\/li>\n<li>Idol for Polsat (2016)<\/li>\n<li>Polscy Truckersi for Discovery Channel (2015)<\/li>\n<\/ul>\n<\/li>\n<\/ul>\n<p><b>Live broadcast camera operator (2008-2025)<\/b><\/p>\n<p>More than 500 events. 200+ concerts, many sports events, cultural events, political events. Closeup camera (99x, 86x, 42x lens), dolly, RF camera.<\/p>\n<p><b>More than 200 TV episodes edited (2015-2025)<\/b><\/p>\n<p><b>Chief editor (150+ episodes)<br \/>\n<\/b><span style=\"font-weight: 400;\">Responsible for the quality of end product from shooting till delivery.<br \/>\n<\/span><span style=\"font-weight: 400;\">TV series formatting, editing &amp; editing team supervision, final cut preparation.<\/span><\/p>\n<p><span style=\"font-weight: 400;\">Responsible for ob van supervision during recording (monitoring camera work\u00a0<\/span><span style=\"font-weight: 400;\">and colour balance for proper edit, special effects and color grading, choosing\u00a0<\/span><span style=\"font-weight: 400;\">the best recording codec etc.)\u00a0<\/span><\/p>\n<ul>\n<li style=\"list-style-type: none;\">\n<ul>\n<li style=\"font-weight: 400;\"><span style=\"font-weight: 400;\">Comedy Club for Comedy Central (9 series) 2016-2023<\/span><\/li>\n<\/ul>\n<\/li>\n<\/ul>\n<ul>\n<li style=\"list-style-type: none;\">\n<ul>\n<li style=\"font-weight: 400;\"><span style=\"font-weight: 400;\">Ja Ci\u0119 Kr\u0119c\u0119 for TV4 (2018)<\/span><\/li>\n<\/ul>\n<\/li>\n<\/ul>\n<ul>\n<li style=\"list-style-type: none;\">\n<ul>\n<li style=\"font-weight: 400;\"><span style=\"font-weight: 400;\">MTV Bites for MTV Music (2017-2018)<\/span><\/li>\n<\/ul>\n<\/li>\n<\/ul>\n<p><b>Editor (50+ episodes)<\/b><\/p>\n<p><span style=\"font-weight: 400;\">Responsible for editing: story building, sound design, music and sound edits, <\/span><span style=\"font-weight: 400;\"><br \/>\n<\/span><span style=\"font-weight: 400;\">in some cases creating the voiceover text.<\/span><\/p>\n<ul>\n<li style=\"list-style-type: none;\">\n<ul>\n<li style=\"font-weight: 400;\"><span style=\"font-weight: 400;\">Truckerki for Discovery Channel (2019)\u00a0<\/span><\/li>\n<\/ul>\n<\/li>\n<\/ul>\n<ul>\n<li style=\"list-style-type: none;\">\n<ul>\n<li style=\"font-weight: 400;\"><span style=\"font-weight: 400;\">G\u00f3rale for Polsat Play (2018)<\/span><\/li>\n<\/ul>\n<\/li>\n<\/ul>\n<ul>\n<li style=\"list-style-type: none;\">\n<ul>\n<li style=\"font-weight: 400;\"><span style=\"font-weight: 400;\">Nietypowe Transporty for Discovery Channel (2018)<\/span><\/li>\n<\/ul>\n<\/li>\n<\/ul>\n<ul>\n<li style=\"list-style-type: none;\">\n<ul>\n<li style=\"font-weight: 400;\"><span style=\"font-weight: 400;\">Ekspedycja odkrywcy drugiej natury for Discovery Channel (2018)<\/span><\/li>\n<\/ul>\n<\/li>\n<\/ul>\n<ul>\n<li style=\"list-style-type: none;\">\n<ul>\n<li style=\"font-weight: 400;\"><span style=\"font-weight: 400;\">Kossakowski: 6-ty zmys\u0142 for TTV (2018)<\/span><\/li>\n<\/ul>\n<\/li>\n<\/ul>\n<ul>\n<li style=\"list-style-type: none;\">\n<ul>\n<li style=\"font-weight: 400;\"><span style=\"font-weight: 400;\">Z\u0142omowisko PL for Discovery Channel (2016-2018)<\/span><\/li>\n<\/ul>\n<\/li>\n<\/ul>\n<ul>\n<li style=\"list-style-type: none;\">\n<ul>\n<li style=\"font-weight: 400;\"><span style=\"font-weight: 400;\">Jazdy Karolka for Discovery Channel (2016)<\/span><\/li>\n<\/ul>\n<\/li>\n<\/ul>\n<ul>\n<li style=\"list-style-type: none;\">\n<ul>\n<li style=\"font-weight: 400;\"><span style=\"font-weight: 400;\">Polish Truckers for Discovery Channel (2 series 2015-2016)<\/span><\/li>\n<\/ul>\n<\/li>\n<\/ul>\n<p><b>100+ commercials and corporate movies (2008-2025)<\/b><\/p>\n<p><span style=\"font-weight: 400;\">More than 100 edited movies from 15s to few minutes long. <\/span><span style=\"font-weight: 400;\">Responsible for editing &amp; often color grading.<\/span><\/p>\n<p><b>Express editing 8h-24h (2010-2025)<\/b><\/p>\n<p><span style=\"font-weight: 400;\">Event movies edited in a very short periods of time for Red Bull and Orlen\u00a0<\/span><span style=\"font-weight: 400;\">among others. Sometimes up to 16 cameras with up to 12 hours of footage and most often less than 24 hours for editing.<\/span><\/p>\n<p>&nbsp;<\/p>\n<\/div>\n\t<\/div>\n<\/div>\n\t<\/div>\n<\/div>\n\t<\/div>\n\t\t<\/div>\n\t<\/div>\n<\/div>\n<\/div>","protected":false},"excerpt":{"rendered":"<p>I work in video industry\u00a0since 2008 when I\u00a0graduated Sound and Vision Engineering at Gda\u0144sk University of Technology.\u00a0 During my work experience I was honoured with some awards: Kreatury award for Nickelodeon TV spot (cooperation on concept creation, DOP, color correction) &#8220;The Question&#8221; short film\u00a0 screened at 2010 Cannes Film Festival [&hellip;]<\/p>\n","protected":false},"author":1,"featured_media":5959,"parent":0,"menu_order":0,"comment_status":"closed","ping_status":"closed","template":"","meta":{"footnotes":""},"class_list":["post-4491","page","type-page","status-publish","has-post-thumbnail","hentry"],"_links":{"self":[{"href":"https:\/\/wilkiewicz.com\/index.php?rest_route=\/wp\/v2\/pages\/4491","targetHints":{"allow":["GET"]}}],"collection":[{"href":"https:\/\/wilkiewicz.com\/index.php?rest_route=\/wp\/v2\/pages"}],"about":[{"href":"https:\/\/wilkiewicz.com\/index.php?rest_route=\/wp\/v2\/types\/page"}],"author":[{"embeddable":true,"href":"https:\/\/wilkiewicz.com\/index.php?rest_route=\/wp\/v2\/users\/1"}],"replies":[{"embeddable":true,"href":"https:\/\/wilkiewicz.com\/index.php?rest_route=%2Fwp%2Fv2%2Fcomments&post=4491"}],"version-history":[{"count":2,"href":"https:\/\/wilkiewicz.com\/index.php?rest_route=\/wp\/v2\/pages\/4491\/revisions"}],"predecessor-version":[{"id":6124,"href":"https:\/\/wilkiewicz.com\/index.php?rest_route=\/wp\/v2\/pages\/4491\/revisions\/6124"}],"wp:featuredmedia":[{"embeddable":true,"href":"https:\/\/wilkiewicz.com\/index.php?rest_route=\/wp\/v2\/media\/5959"}],"wp:attachment":[{"href":"https:\/\/wilkiewicz.com\/index.php?rest_route=%2Fwp%2Fv2%2Fmedia&parent=4491"}],"curies":[{"name":"wp","href":"https:\/\/api.w.org\/{rel}","templated":true}]}}